{"id":71,"date":"2014-11-19T12:37:44","date_gmt":"2014-11-19T11:37:44","guid":{"rendered":"http:\/\/toeteberg.com\/?page_id=71"},"modified":"2024-08-23T20:10:10","modified_gmt":"2024-08-23T18:10:10","slug":"impressum","status":"publish","type":"page","link":"https:\/\/www.toeteberg.com\/?page_id=71","title":{"rendered":"Impressum"},"content":{"rendered":"\n<h2>Impressum<\/h2>\n\n\n\n<div style=\"height:25px\" aria-hidden=\"true\" class=\"wp-block-spacer\"><\/div>\n\n\n\n<p>Angaben gem\u00e4\u00df \u00a7 5 TMG:<\/p>\n\n\n\n<div style=\"height:25px\" aria-hidden=\"true\" class=\"wp-block-spacer\"><\/div>\n\n\n\n<p>Christopher T\u00f6teberg<\/p>\n\n\n\n<p>Moorweg 9<\/p>\n\n\n\n<p>23923 L\u00fcdersdorf<\/p>\n\n\n\n<div style=\"height:15px\" aria-hidden=\"true\" class=\"wp-block-spacer\"><\/div>\n\n\n\n<p>Telefon: +49 151 40485858<\/p>\n\n\n\n<p>E-Mail: info@toeteberg.com<\/p>\n\n\n\n<div style=\"height:15px\" aria-hidden=\"true\" class=\"wp-block-spacer\"><\/div>\n\n\n\n<p>Kleinunternehmer gem\u00e4\u00df \u00a7 19 UStG<\/p>\n\n\n\n<div style=\"height:25px\" aria-hidden=\"true\" class=\"wp-block-spacer\"><\/div>\n\n\n\n<p><strong>Haftung f\u00fcr Links<\/strong><\/p>\n\n\n\n<p>Unser Angebot enth\u00e4lt Links zu externen Webseiten Dritter, auf deren Inhalte wir keinen Einfluss haben. Deshalb k\u00f6nnen wir f\u00fcr diese fremden Inhalte auch keine Gew\u00e4hr \u00fcbernehmen. F\u00fcr die Inhalte der verlinkten Seiten ist stets der jeweilige Anbieter oder Betreiber der Seiten verantwortlich. Die verlinkten Seiten wurden zum Zeitpunkt der Verlinkung auf m\u00f6gliche Rechtsverst\u00f6\u00dfe \u00fcberpr\u00fcft. Rechtswidrige Inhalte waren zum Zeitpunkt der Verlinkung nicht erkennbar. Eine permanente inhaltliche Kontrolle der verlinkten Seiten ist jedoch ohne konkrete Anhaltspunkte einer Rechtsverletzung nicht zumutbar. Bei bekannt werden von Rechtsverletzungen werden wir derartige Links umgehend entfernen.<\/p>\n\n\n\n<p><strong>Streitschlichtung<\/strong><\/p>\n\n\n\n<p>Auftraggeber haben die M\u00f6glichkeit eine alternative Streitbeilegung zu nutzen. Der folgende Link der EU-Kommission (auch OS-Plattform genannt) enth\u00e4lt Informationen \u00fcber die Online-Streitschlichtung und dient als zentrale Anlaufstelle zur au\u00dfergerichtlichen Beilegung von Streitigkeiten, die aus Online-Kaufvertr\u00e4gen erwachsen: <a href=\"https:\/\/ec.europa.eu\/consumers\/odr\">ec.europa.eu\/consumers\/odr.<\/a><\/p>\n","protected":false},"excerpt":{"rendered":"<p>Impressum Angaben gem\u00e4\u00df \u00a7 5 TMG: Christopher T\u00f6teberg Moorweg 9 23923 L\u00fcdersdorf Telefon: +49 151 40485858 E-Mail: info@toeteberg.com Kleinunternehmer gem\u00e4\u00df \u00a7 19 UStG Haftung f\u00fcr Links Unser Angebot enth\u00e4lt Links zu externen Webseiten Dritter, auf deren Inhalte wir keinen Einfluss haben. Deshalb k\u00f6nnen wir f\u00fcr diese fremden Inhalte auch keine Gew\u00e4hr \u00fcbernehmen. F\u00fcr die Inhalte [&hellip;]<\/p>\n","protected":false},"author":1,"featured_media":0,"parent":0,"menu_order":0,"comment_status":"closed","ping_status":"closed","template":"","meta":[],"_links":{"self":[{"href":"https:\/\/www.toeteberg.com\/index.php?rest_route=\/wp\/v2\/pages\/71"}],"collection":[{"href":"https:\/\/www.toeteberg.com\/index.php?rest_route=\/wp\/v2\/pages"}],"about":[{"href":"https:\/\/www.toeteberg.com\/index.php?rest_route=\/wp\/v2\/types\/page"}],"author":[{"embeddable":true,"href":"https:\/\/www.toeteberg.com\/index.php?rest_route=\/wp\/v2\/users\/1"}],"replies":[{"embeddable":true,"href":"https:\/\/www.toeteberg.com\/index.php?rest_route=%2Fwp%2Fv2%2Fcomments&post=71"}],"version-history":[{"count":52,"href":"https:\/\/www.toeteberg.com\/index.php?rest_route=\/wp\/v2\/pages\/71\/revisions"}],"predecessor-version":[{"id":1102,"href":"https:\/\/www.toeteberg.com\/index.php?rest_route=\/wp\/v2\/pages\/71\/revisions\/1102"}],"wp:attachment":[{"href":"https:\/\/www.toeteberg.com\/index.php?rest_route=%2Fwp%2Fv2%2Fmedia&parent=71"}],"curies":[{"name":"wp","href":"https:\/\/api.w.org\/{rel}","templated":true}]}}